{"id":246,"date":"2026-03-09T12:14:36","date_gmt":"2026-03-09T11:14:36","guid":{"rendered":"https:\/\/recrea-t.es\/tienda\/?page_id=246"},"modified":"2026-04-06T09:24:38","modified_gmt":"2026-04-06T07:24:38","slug":"politica-de-cookies","status":"publish","type":"page","link":"https:\/\/recrea-t.es\/tienda\/politica-de-cookies\/","title":{"rendered":"Pol\u00edtica de Cookies"},"content":{"rendered":"\t\t<div data-elementor-type=\"wp-page\" data-elementor-id=\"246\" class=\"elementor elementor-246\" data-elementor-post-type=\"page\">\n\t\t\t\t<div class=\"elementor-element elementor-element-1e65438 e-flex e-con-boxed e-con e-parent\" data-id=\"1e65438\" data-element_type=\"container\" data-e-type=\"container\">\n\t\t\t\t\t<div class=\"e-con-inner\">\n\t\t\t\t<div class=\"elementor-element elementor-element-0c1fafb elementor-widget elementor-widget-text-editor\" data-id=\"0c1fafb\" data-element_type=\"widget\" data-e-type=\"widget\" data-widget_type=\"text-editor.default\">\n\t\t\t\t\t\t\t\t\t<section class=\"politica-cookies\"><p>En esta web, <strong>Recrea-T<\/strong>, utilizamos cookies propias y de terceros para mejorar la experiencia de navegaci\u00f3n, permitir compartir contenido en redes sociales y obtener estad\u00edsticas de uso del sitio web.<\/p><p>Puede evitar la descarga de cookies configurando su navegador para impedir su almacenamiento en su dispositivo.<\/p><p>Como titular de este sitio web, le informamos de que no utilizamos informaci\u00f3n personal procedente de cookies, \u00fanicamente realizamos estad\u00edsticas generales de visitas que no suponen tratamiento de datos personales identificables.<\/p><p>Si contin\u00faa navegando por este sitio web, consideraremos que acepta el uso de cookies conforme al art\u00edculo 22.2 de la Ley 34\/2002 de Servicios de la Sociedad de la Informaci\u00f3n y Comercio Electr\u00f3nico.<br \/><br \/><\/p><h3>Entidad responsable<\/h3><p>La entidad responsable de la recogida, procesamiento y utilizaci\u00f3n de sus datos es <strong>Recrea-T<\/strong>, titular del sitio web.<br \/><br \/><\/p><h3>\u00bfQu\u00e9 son las cookies?<\/h3><p>Las cookies son peque\u00f1os archivos de texto que un servidor deposita en el navegador del usuario para recoger informaci\u00f3n est\u00e1ndar de Internet y el comportamiento de los visitantes en un sitio web.<\/p><p>Su finalidad es registrar la visita del usuario y almacenar cierta informaci\u00f3n que permita mejorar la eficiencia, funcionalidad y personalizaci\u00f3n del sitio web.<br \/><br \/><\/p><h3>\u00bfQu\u00e9 tipos de cookies existen?<\/h3><p>En este sitio web se utilizan cookies de sesi\u00f3n y cookies de terceros que permiten almacenar informaci\u00f3n relativa al idioma, tipo de navegador y comportamiento de navegaci\u00f3n del usuario.<br \/><br \/><\/p><h4>Cookies utilizadas<\/h4><table border=\"1\" cellspacing=\"0\" cellpadding=\"8\"><thead><tr><th>Nombre<\/th><th>Tipo<\/th><th>Caducidad<\/th><th>Finalidad<\/th><th>Clase<\/th><\/tr><\/thead><tbody><tr><td>_ga<\/td><td>Google Analytics<\/td><td>2 a\u00f1os<\/td><td>Distinguir usuarios<\/td><td>No Exenta<\/td><\/tr><tr><td>_gid<\/td><td>Google Analytics<\/td><td>24 horas<\/td><td>Distinguir usuarios<\/td><td>No Exenta<\/td><\/tr><tr><td>_gat<\/td><td>Google Analytics<\/td><td>1 minuto<\/td><td>Limitar porcentaje de solicitudes<\/td><td>No Exenta<\/td><\/tr><\/tbody><\/table><h3><br \/>Clasificaci\u00f3n de cookies<\/h3><h4>Cookies t\u00e9cnicas<\/h4><p>Permiten al usuario la navegaci\u00f3n a trav\u00e9s del sitio web y la utilizaci\u00f3n de las diferentes opciones o servicios que existen en \u00e9l.<\/p><h4>Cookies de personalizaci\u00f3n<\/h4><p>Permiten recordar informaci\u00f3n para que el usuario acceda al servicio con determinadas caracter\u00edsticas que pueden diferenciar su experiencia de la de otros usuarios.<\/p><h4>Cookies anal\u00edticas<\/h4><p>Permiten la identificaci\u00f3n an\u00f3nima de visitantes para contabilizar el n\u00famero de visitas, analizar los contenidos m\u00e1s consultados y detectar tendencias de uso del sitio web.<\/p><h4>Cookies publicitarias<\/h4><p>Permiten mostrar publicidad adaptada al perfil de navegaci\u00f3n del usuario.<\/p><h4>Cookies de terceros<\/h4><p>Algunas p\u00e1ginas pueden instalar cookies de terceros que permiten gestionar y mejorar los servicios ofrecidos. Un ejemplo de este uso son los servicios de estad\u00edsticas de Google Analytics.<\/p><h3><br \/>\u00bfC\u00f3mo deshabilitar las cookies?<\/h3><p>Puede configurar su navegador para aceptar, bloquear o eliminar las cookies instaladas en su equipo mediante la configuraci\u00f3n de las opciones del navegador utilizado.<\/p><ul><li><span style=\"color: #000000;\"><a style=\"color: #000000;\" href=\"https:\/\/support.google.com\/chrome\/answer\/95647?hl=es\" target=\"_blank\" rel=\"noopener\">Google Chrome<\/a><\/span><\/li><li><span style=\"color: #000000;\"><a style=\"color: #000000;\" href=\"https:\/\/support.mozilla.org\/es\/kb\/habilitar-y-deshabilitar-cookies-sitios-web-rastrear-preferencias\" target=\"_blank\" rel=\"noopener\">Mozilla Firefox<\/a><\/span><\/li><li><span style=\"color: #000000;\"><a style=\"color: #000000;\" href=\"https:\/\/support.apple.com\/es-es\/guide\/safari\/sfri11471\/mac\" target=\"_blank\" rel=\"noopener\">Safari<\/a><\/span><\/li><li><span style=\"color: #000000;\"><a style=\"color: #000000;\" href=\"https:\/\/help.opera.com\/es\/latest\/web-preferences\/\" target=\"_blank\" rel=\"noopener\">Opera<\/a><\/span><\/li><li><a href=\"https:\/\/support.microsoft.com\/es-es\/windows\/administrar-cookies-en-microsoft-edge-ver-permitir-bloquear-eliminar-y-usar-168dab11-0753-043d-7c16-ede5947fc64d\" target=\"_blank\" rel=\"noopener\"><span style=\"color: #000000;\">Microsoft Edge<\/span><\/a><\/li><\/ul><p>Tambi\u00e9n puede desactivar el seguimiento de Google Analytics mediante este enlace:<br \/><a href=\"https:\/\/tools.google.com\/dlpage\/gaoptout\" target=\"_blank\" rel=\"noopener\"><br \/><span style=\"color: #000000;\">Complemento de inhabilitaci\u00f3n de Google Analytics<\/span><br \/><\/a><\/p><h3>M\u00e1s informaci\u00f3n<\/h3><p>Publicidad basada en comportamiento:<br \/><a href=\"https:\/\/www.youronlinechoices.com\/es\/\" target=\"_blank\" rel=\"noopener\"><br \/><span style=\"color: #000000;\">www.youronlinechoices.com<\/span><br \/><\/a><\/p><p>Protecci\u00f3n de datos Google Analytics:<br \/><span style=\"color: #000000;\"><a style=\"color: #000000;\" href=\"https:\/\/policies.google.com\/privacy\" target=\"_blank\" rel=\"noopener\"><br \/>Pol\u00edtica de privacidad de Google<br \/><\/a><\/span><\/p><h3>Actualizaciones y cambios<\/h3><p>Recrea-T podr\u00e1 modificar esta Pol\u00edtica de Cookies para adaptarla a novedades legislativas o a instrucciones de la Agencia Espa\u00f1ola de Protecci\u00f3n de Datos.<\/p><p>Los cambios significativos en esta pol\u00edtica ser\u00e1n publicados en este sitio web.<\/p><\/section>\t\t\t\t\t\t\t\t<\/div>\n\t\t\t\t\t<\/div>\n\t\t\t\t<\/div>\n\t\t\t\t<\/div>\n\t\t","protected":false},"excerpt":{"rendered":"<p>En esta web, Recrea-T, utilizamos cookies propias y de terceros para mejorar la experiencia de navegaci\u00f3n, permitir compartir contenido en redes sociales y obtener estad\u00edsticas de uso del sitio web. Puede evitar la descarga de cookies configurando su navegador para impedir su almacenamiento en su dispositivo. Como titular de este sitio web, le informamos de [&hellip;]<\/p>\n","protected":false},"author":4,"featured_media":0,"parent":0,"menu_order":0,"comment_status":"closed","ping_status":"closed","template":"","meta":{"_acf_changed":false,"footnotes":""},"class_list":["post-246","page","type-page","status-publish","hentry"],"acf":[],"yoast_head":"<!-- This site is optimized with the Yoast SEO plugin v27.5 - https:\/\/yoast.com\/product\/yoast-seo-wordpress\/ -->\n<title>Pol\u00edtica de Cookies - Tienda ReCrea-T<\/title>\n<meta name=\"robots\" content=\"index, follow, max-snippet:-1, max-image-preview:large, max-video-preview:-1\" \/>\n<link rel=\"canonical\" href=\"https:\/\/recrea-t.es\/tienda\/politica-de-cookies\/\" \/>\n<meta property=\"og:locale\" content=\"es_ES\" \/>\n<meta property=\"og:type\" content=\"article\" \/>\n<meta property=\"og:title\" content=\"Pol\u00edtica de Cookies - Tienda ReCrea-T\" \/>\n<meta property=\"og:description\" content=\"En esta web, Recrea-T, utilizamos cookies propias y de terceros para mejorar la experiencia de navegaci\u00f3n, permitir compartir contenido en redes sociales y obtener estad\u00edsticas de uso del sitio web. Puede evitar la descarga de cookies configurando su navegador para impedir su almacenamiento en su dispositivo. Como titular de este sitio web, le informamos de [&hellip;]\" \/>\n<meta property=\"og:url\" content=\"https:\/\/recrea-t.es\/tienda\/politica-de-cookies\/\" \/>\n<meta property=\"og:site_name\" content=\"Tienda ReCrea-T\" \/>\n<meta property=\"article:modified_time\" content=\"2026-04-06T07:24:38+00:00\" \/>\n<meta name=\"twitter:card\" content=\"summary_large_image\" \/>\n<meta name=\"twitter:label1\" content=\"Tiempo de lectura\" \/>\n\t<meta name=\"twitter:data1\" content=\"3 minutos\" \/>\n<script type=\"application\/ld+json\" class=\"yoast-schema-graph\">{\"@context\":\"https:\\\/\\\/schema.org\",\"@graph\":[{\"@type\":\"WebPage\",\"@id\":\"https:\\\/\\\/recrea-t.es\\\/tienda\\\/politica-de-cookies\\\/\",\"url\":\"https:\\\/\\\/recrea-t.es\\\/tienda\\\/politica-de-cookies\\\/\",\"name\":\"Pol\u00edtica de Cookies - Tienda ReCrea-T\",\"isPartOf\":{\"@id\":\"https:\\\/\\\/recrea-t.es\\\/tienda\\\/#website\"},\"datePublished\":\"2026-03-09T11:14:36+00:00\",\"dateModified\":\"2026-04-06T07:24:38+00:00\",\"breadcrumb\":{\"@id\":\"https:\\\/\\\/recrea-t.es\\\/tienda\\\/politica-de-cookies\\\/#breadcrumb\"},\"inLanguage\":\"es\",\"potentialAction\":[{\"@type\":\"ReadAction\",\"target\":[\"https:\\\/\\\/recrea-t.es\\\/tienda\\\/politica-de-cookies\\\/\"]}]},{\"@type\":\"BreadcrumbList\",\"@id\":\"https:\\\/\\\/recrea-t.es\\\/tienda\\\/politica-de-cookies\\\/#breadcrumb\",\"itemListElement\":[{\"@type\":\"ListItem\",\"position\":1,\"name\":\"Portada\",\"item\":\"https:\\\/\\\/recrea-t.es\\\/tienda\\\/\"},{\"@type\":\"ListItem\",\"position\":2,\"name\":\"Pol\u00edtica de Cookies\"}]},{\"@type\":\"WebSite\",\"@id\":\"https:\\\/\\\/recrea-t.es\\\/tienda\\\/#website\",\"url\":\"https:\\\/\\\/recrea-t.es\\\/tienda\\\/\",\"name\":\"Tienda ReCrea-T\",\"description\":\"En la tienda de ReCrea-T puedes encontrar la mejor decoraci\u00f3n para el hogar: ba\u00f1o, cocina y todo tipo de decoraciones\",\"potentialAction\":[{\"@type\":\"SearchAction\",\"target\":{\"@type\":\"EntryPoint\",\"urlTemplate\":\"https:\\\/\\\/recrea-t.es\\\/tienda\\\/?s={search_term_string}\"},\"query-input\":{\"@type\":\"PropertyValueSpecification\",\"valueRequired\":true,\"valueName\":\"search_term_string\"}}],\"inLanguage\":\"es\"}]}<\/script>\n<!-- \/ Yoast SEO plugin. -->","yoast_head_json":{"title":"Pol\u00edtica de Cookies - Tienda ReCrea-T","robots":{"index":"index","follow":"follow","max-snippet":"max-snippet:-1","max-image-preview":"max-image-preview:large","max-video-preview":"max-video-preview:-1"},"canonical":"https:\/\/recrea-t.es\/tienda\/politica-de-cookies\/","og_locale":"es_ES","og_type":"article","og_title":"Pol\u00edtica de Cookies - Tienda ReCrea-T","og_description":"En esta web, Recrea-T, utilizamos cookies propias y de terceros para mejorar la experiencia de navegaci\u00f3n, permitir compartir contenido en redes sociales y obtener estad\u00edsticas de uso del sitio web. Puede evitar la descarga de cookies configurando su navegador para impedir su almacenamiento en su dispositivo. Como titular de este sitio web, le informamos de [&hellip;]","og_url":"https:\/\/recrea-t.es\/tienda\/politica-de-cookies\/","og_site_name":"Tienda ReCrea-T","article_modified_time":"2026-04-06T07:24:38+00:00","twitter_card":"summary_large_image","twitter_misc":{"Tiempo de lectura":"3 minutos"},"schema":{"@context":"https:\/\/schema.org","@graph":[{"@type":"WebPage","@id":"https:\/\/recrea-t.es\/tienda\/politica-de-cookies\/","url":"https:\/\/recrea-t.es\/tienda\/politica-de-cookies\/","name":"Pol\u00edtica de Cookies - Tienda ReCrea-T","isPartOf":{"@id":"https:\/\/recrea-t.es\/tienda\/#website"},"datePublished":"2026-03-09T11:14:36+00:00","dateModified":"2026-04-06T07:24:38+00:00","breadcrumb":{"@id":"https:\/\/recrea-t.es\/tienda\/politica-de-cookies\/#breadcrumb"},"inLanguage":"es","potentialAction":[{"@type":"ReadAction","target":["https:\/\/recrea-t.es\/tienda\/politica-de-cookies\/"]}]},{"@type":"BreadcrumbList","@id":"https:\/\/recrea-t.es\/tienda\/politica-de-cookies\/#breadcrumb","itemListElement":[{"@type":"ListItem","position":1,"name":"Portada","item":"https:\/\/recrea-t.es\/tienda\/"},{"@type":"ListItem","position":2,"name":"Pol\u00edtica de Cookies"}]},{"@type":"WebSite","@id":"https:\/\/recrea-t.es\/tienda\/#website","url":"https:\/\/recrea-t.es\/tienda\/","name":"Tienda ReCrea-T","description":"En la tienda de ReCrea-T puedes encontrar la mejor decoraci\u00f3n para el hogar: ba\u00f1o, cocina y todo tipo de decoraciones","potentialAction":[{"@type":"SearchAction","target":{"@type":"EntryPoint","urlTemplate":"https:\/\/recrea-t.es\/tienda\/?s={search_term_string}"},"query-input":{"@type":"PropertyValueSpecification","valueRequired":true,"valueName":"search_term_string"}}],"inLanguage":"es"}]}},"jetpack_sharing_enabled":true,"_links":{"self":[{"href":"https:\/\/recrea-t.es\/tienda\/wp-json\/wp\/v2\/pages\/246","targetHints":{"allow":["GET"]}}],"collection":[{"href":"https:\/\/recrea-t.es\/tienda\/wp-json\/wp\/v2\/pages"}],"about":[{"href":"https:\/\/recrea-t.es\/tienda\/wp-json\/wp\/v2\/types\/page"}],"author":[{"embeddable":true,"href":"https:\/\/recrea-t.es\/tienda\/wp-json\/wp\/v2\/users\/4"}],"replies":[{"embeddable":true,"href":"https:\/\/recrea-t.es\/tienda\/wp-json\/wp\/v2\/comments?post=246"}],"version-history":[{"count":8,"href":"https:\/\/recrea-t.es\/tienda\/wp-json\/wp\/v2\/pages\/246\/revisions"}],"predecessor-version":[{"id":813,"href":"https:\/\/recrea-t.es\/tienda\/wp-json\/wp\/v2\/pages\/246\/revisions\/813"}],"wp:attachment":[{"href":"https:\/\/recrea-t.es\/tienda\/wp-json\/wp\/v2\/media?parent=246"}],"curies":[{"name":"wp","href":"https:\/\/api.w.org\/{rel}","templated":true}]}}