{"id":255,"date":"2026-03-09T12:21:47","date_gmt":"2026-03-09T11:21:47","guid":{"rendered":"https:\/\/recrea-t.es\/tienda\/?page_id=255"},"modified":"2026-04-06T09:24:19","modified_gmt":"2026-04-06T07:24:19","slug":"accesibilidad","status":"publish","type":"page","link":"https:\/\/recrea-t.es\/tienda\/accesibilidad\/","title":{"rendered":"Accesibilidad"},"content":{"rendered":"\t\t<div data-elementor-type=\"wp-page\" data-elementor-id=\"255\" class=\"elementor elementor-255\" data-elementor-post-type=\"page\">\n\t\t\t\t<div class=\"elementor-element elementor-element-25a121f e-flex e-con-boxed e-con e-parent\" data-id=\"25a121f\" data-element_type=\"container\" data-e-type=\"container\">\n\t\t\t\t\t<div class=\"e-con-inner\">\n\t\t\t\t<div class=\"elementor-element elementor-element-5759b86 elementor-widget elementor-widget-text-editor\" data-id=\"5759b86\" data-element_type=\"widget\" data-e-type=\"widget\" data-widget_type=\"text-editor.default\">\n\t\t\t\t\t\t\t\t\t<section class=\"declaracion-accesibilidad\"><span style=\"color: #3f3f3f;\"><a style=\"color: #3f3f3f;\" href=\"https:\/\/recrea-t.es\/tienda\" target=\"_blank\" rel=\"noopener\">https:\/\/recrea-t.es\/tienda<\/a><\/span> es un sitio web que se ha comprometido a hacer accesible su sitio web de conformidad con el <strong>Real Decreto 1112\/2018, de 7 de septiembre<\/strong>, sobre accesibilidad de los sitios web y aplicaciones para dispositivos m\u00f3viles del sector p\u00fablico.<p>La Directiva Europea se basa en la norma <strong>EN 301 549 \u201cRequisitos de accesibilidad de productos y servicios TIC\u201d<\/strong>, que a su vez adapta las <strong>Pautas de Accesibilidad para el Contenido Web (WCAG 2.1)<\/strong> del W3C.<\/p><p>La presente declaraci\u00f3n de accesibilidad se aplica al sitio web: <a href=\"https:\/\/recrea-t.es\/tienda\" target=\"_blank\" rel=\"noopener\"><span style=\"color: #3f3f3f;\">https:\/\/recrea-t.es\/tienda<\/span><\/a><\/p><h3>Situaci\u00f3n de cumplimiento<\/h3><p>Este sitio web es <strong>parcialmente conforme<\/strong> con el RD 1112\/2018 debido a las excepciones y a la falta de conformidad de los aspectos que se indican a continuaci\u00f3n.<\/p><h3>Contenido no accesible<\/h3><p>El contenido que se recoge a continuaci\u00f3n no es accesible por lo siguiente:<\/p><h4>Falta de conformidad con el RD 1112\/2018<\/h4><ul><li>Podr\u00edan existir p\u00e1ginas que no cumplan con el criterio 9.1.3.1 Informaci\u00f3n y Relaciones.<\/li><li>Podr\u00edan existir p\u00e1ginas que no cumplan con el criterio 9.2.5.3 Inclusi\u00f3n de etiqueta en el nombre.<\/li><li>Podr\u00edan existir p\u00e1ginas que no cumplan con el criterio 9.2.4.7 Foco visible (Nivel AA).<\/li><li>Podr\u00edan existir p\u00e1ginas que no cumplan con el criterio 9.2.1.4 Atajos del teclado.<\/li><\/ul><h4>Carga desproporcionada<\/h4><p>No aplica.<\/p><h4>Contenido excluido del \u00e1mbito de aplicaci\u00f3n<\/h4><ul><li>Archivos ofim\u00e1ticos en PDF u otros formatos publicados antes del 20 de septiembre de 2018 que puedan no cumplir totalmente los requisitos de accesibilidad.<\/li><li>Contenido multimedia pregrabado publicado antes de la entrada en vigor del Real Decreto.<\/li><li>Contenidos de terceros no desarrollados o bajo el control de Recrea-T.<\/li><\/ul><h3>Preparaci\u00f3n de la presente declaraci\u00f3n<\/h3><p>La presente declaraci\u00f3n fue preparada el <strong>09\/03\/2026<\/strong>.<\/p><p>El m\u00e9todo empleado para su elaboraci\u00f3n ha sido una <strong>autoevaluaci\u00f3n<\/strong> realizada por el titular del sitio web.<\/p><p>\u00daltima revisi\u00f3n de la declaraci\u00f3n: <strong>09\/03\/2026<\/strong>.<\/p><h3>Observaciones y datos de contacto<\/h3><p>Puede realizar comunicaciones sobre requisitos de accesibilidad (art\u00edculo 10.2.a del RD 1112\/2018), por ejemplo:<\/p><ul><li>Informar sobre cualquier posible incumplimiento.<\/li><li>Transmitir dificultades de acceso al contenido.<\/li><li>Formular consultas o sugerencias de mejora.<\/li><\/ul><p>Puede hacerlo a trav\u00e9s del formulario de contacto disponible en este sitio web.<\/p><p>Tambi\u00e9n puede presentar:<\/p><ul><li>Queja relativa al cumplimiento del RD 1112\/2018.<\/li><li>Solicitud de informaci\u00f3n accesible sobre contenidos excluidos o con carga desproporcionada.<\/li><\/ul><p>En la solicitud deber\u00e1 especificar claramente los hechos, razones y petici\u00f3n para acreditar que se trata de una solicitud razonable y leg\u00edtima.<\/p><h3>Procedimiento de aplicaci\u00f3n<\/h3><p>El procedimiento de reclamaci\u00f3n recogido en el art\u00edculo 13 del RD 1112\/2018 puede iniciarse a trav\u00e9s del siguiente enlace: <a href=\"https:\/\/expinterweb.inclusion.gob.es\" target=\"_blank\" rel=\"noopener\"><span style=\"color: #3f3f3f;\">expinterweb.inclusion.gob.es<\/span><\/a><\/p><h3>Contenido opcional<\/h3><p>Este portal permite modificar el tama\u00f1o del texto y el color, as\u00ed como el fondo de la p\u00e1gina mediante las opciones est\u00e1ndar del navegador.<\/p><h4>Modificar tama\u00f1o del texto<\/h4><ul><li>Internet Explorer, Mozilla y Firefox: Ver &gt; Tama\u00f1o del texto<\/li><li>Opera: Ver &gt; Zoom<\/li><li>Safari: Ver &gt; Hacer el texto m\u00e1s grande<\/li><li>Chrome: Controla la p\u00e1gina actual &gt; Tama\u00f1o del texto<\/li><\/ul><p>Atajos de teclado:<\/p><ul><li>Ctrl + + : Aumentar tama\u00f1o<\/li><li>Ctrl + \u2013 : Disminuir tama\u00f1o<\/li><li>Ctrl + 0 : Restaurar tama\u00f1o original<\/li><\/ul><p>Para modificar estilos o colores puede consultar:<br \/><a href=\"https:\/\/www.w3.org\/WAI\/\" target=\"_blank\" rel=\"noopener\"><br \/><span style=\"color: #3f3f3f;\">How to Change Text Size or Colors (WAI)<\/span><br \/><\/a><\/p><\/section>\t\t\t\t\t\t\t\t<\/div>\n\t\t\t\t\t<\/div>\n\t\t\t\t<\/div>\n\t\t\t\t<\/div>\n\t\t","protected":false},"excerpt":{"rendered":"<p>https:\/\/recrea-t.es\/tienda es un sitio web que se ha comprometido a hacer accesible su sitio web de conformidad con el Real Decreto 1112\/2018, de 7 de septiembre, sobre accesibilidad de los sitios web y aplicaciones para dispositivos m\u00f3viles del sector p\u00fablico. La Directiva Europea se basa en la norma EN 301 549 \u201cRequisitos de accesibilidad de [&hellip;]<\/p>\n","protected":false},"author":4,"featured_media":0,"parent":0,"menu_order":0,"comment_status":"closed","ping_status":"closed","template":"","meta":{"_acf_changed":false,"footnotes":""},"class_list":["post-255","page","type-page","status-publish","hentry"],"acf":[],"yoast_head":"<!-- This site is optimized with the Yoast SEO plugin v27.5 - https:\/\/yoast.com\/product\/yoast-seo-wordpress\/ -->\n<title>Accesibilidad - Tienda ReCrea-T<\/title>\n<meta name=\"robots\" content=\"index, follow, max-snippet:-1, max-image-preview:large, max-video-preview:-1\" \/>\n<link rel=\"canonical\" href=\"https:\/\/recrea-t.es\/tienda\/accesibilidad\/\" \/>\n<meta property=\"og:locale\" content=\"es_ES\" \/>\n<meta property=\"og:type\" content=\"article\" \/>\n<meta property=\"og:title\" content=\"Accesibilidad - Tienda ReCrea-T\" \/>\n<meta property=\"og:description\" content=\"https:\/\/recrea-t.es\/tienda es un sitio web que se ha comprometido a hacer accesible su sitio web de conformidad con el Real Decreto 1112\/2018, de 7 de septiembre, sobre accesibilidad de los sitios web y aplicaciones para dispositivos m\u00f3viles del sector p\u00fablico. La Directiva Europea se basa en la norma EN 301 549 \u201cRequisitos de accesibilidad de [&hellip;]\" \/>\n<meta property=\"og:url\" content=\"https:\/\/recrea-t.es\/tienda\/accesibilidad\/\" \/>\n<meta property=\"og:site_name\" content=\"Tienda ReCrea-T\" \/>\n<meta property=\"article:modified_time\" content=\"2026-04-06T07:24:19+00:00\" \/>\n<meta name=\"twitter:card\" content=\"summary_large_image\" \/>\n<meta name=\"twitter:label1\" content=\"Tiempo de lectura\" \/>\n\t<meta name=\"twitter:data1\" content=\"3 minutos\" \/>\n<script type=\"application\/ld+json\" class=\"yoast-schema-graph\">{\"@context\":\"https:\\\/\\\/schema.org\",\"@graph\":[{\"@type\":\"WebPage\",\"@id\":\"https:\\\/\\\/recrea-t.es\\\/tienda\\\/accesibilidad\\\/\",\"url\":\"https:\\\/\\\/recrea-t.es\\\/tienda\\\/accesibilidad\\\/\",\"name\":\"Accesibilidad - Tienda ReCrea-T\",\"isPartOf\":{\"@id\":\"https:\\\/\\\/recrea-t.es\\\/tienda\\\/#website\"},\"datePublished\":\"2026-03-09T11:21:47+00:00\",\"dateModified\":\"2026-04-06T07:24:19+00:00\",\"breadcrumb\":{\"@id\":\"https:\\\/\\\/recrea-t.es\\\/tienda\\\/accesibilidad\\\/#breadcrumb\"},\"inLanguage\":\"es\",\"potentialAction\":[{\"@type\":\"ReadAction\",\"target\":[\"https:\\\/\\\/recrea-t.es\\\/tienda\\\/accesibilidad\\\/\"]}]},{\"@type\":\"BreadcrumbList\",\"@id\":\"https:\\\/\\\/recrea-t.es\\\/tienda\\\/accesibilidad\\\/#breadcrumb\",\"itemListElement\":[{\"@type\":\"ListItem\",\"position\":1,\"name\":\"Portada\",\"item\":\"https:\\\/\\\/recrea-t.es\\\/tienda\\\/\"},{\"@type\":\"ListItem\",\"position\":2,\"name\":\"Accesibilidad\"}]},{\"@type\":\"WebSite\",\"@id\":\"https:\\\/\\\/recrea-t.es\\\/tienda\\\/#website\",\"url\":\"https:\\\/\\\/recrea-t.es\\\/tienda\\\/\",\"name\":\"Tienda ReCrea-T\",\"description\":\"En la tienda de ReCrea-T puedes encontrar la mejor decoraci\u00f3n para el hogar: ba\u00f1o, cocina y todo tipo de decoraciones\",\"potentialAction\":[{\"@type\":\"SearchAction\",\"target\":{\"@type\":\"EntryPoint\",\"urlTemplate\":\"https:\\\/\\\/recrea-t.es\\\/tienda\\\/?s={search_term_string}\"},\"query-input\":{\"@type\":\"PropertyValueSpecification\",\"valueRequired\":true,\"valueName\":\"search_term_string\"}}],\"inLanguage\":\"es\"}]}<\/script>\n<!-- \/ Yoast SEO plugin. -->","yoast_head_json":{"title":"Accesibilidad - Tienda ReCrea-T","robots":{"index":"index","follow":"follow","max-snippet":"max-snippet:-1","max-image-preview":"max-image-preview:large","max-video-preview":"max-video-preview:-1"},"canonical":"https:\/\/recrea-t.es\/tienda\/accesibilidad\/","og_locale":"es_ES","og_type":"article","og_title":"Accesibilidad - Tienda ReCrea-T","og_description":"https:\/\/recrea-t.es\/tienda es un sitio web que se ha comprometido a hacer accesible su sitio web de conformidad con el Real Decreto 1112\/2018, de 7 de septiembre, sobre accesibilidad de los sitios web y aplicaciones para dispositivos m\u00f3viles del sector p\u00fablico. La Directiva Europea se basa en la norma EN 301 549 \u201cRequisitos de accesibilidad de [&hellip;]","og_url":"https:\/\/recrea-t.es\/tienda\/accesibilidad\/","og_site_name":"Tienda ReCrea-T","article_modified_time":"2026-04-06T07:24:19+00:00","twitter_card":"summary_large_image","twitter_misc":{"Tiempo de lectura":"3 minutos"},"schema":{"@context":"https:\/\/schema.org","@graph":[{"@type":"WebPage","@id":"https:\/\/recrea-t.es\/tienda\/accesibilidad\/","url":"https:\/\/recrea-t.es\/tienda\/accesibilidad\/","name":"Accesibilidad - Tienda ReCrea-T","isPartOf":{"@id":"https:\/\/recrea-t.es\/tienda\/#website"},"datePublished":"2026-03-09T11:21:47+00:00","dateModified":"2026-04-06T07:24:19+00:00","breadcrumb":{"@id":"https:\/\/recrea-t.es\/tienda\/accesibilidad\/#breadcrumb"},"inLanguage":"es","potentialAction":[{"@type":"ReadAction","target":["https:\/\/recrea-t.es\/tienda\/accesibilidad\/"]}]},{"@type":"BreadcrumbList","@id":"https:\/\/recrea-t.es\/tienda\/accesibilidad\/#breadcrumb","itemListElement":[{"@type":"ListItem","position":1,"name":"Portada","item":"https:\/\/recrea-t.es\/tienda\/"},{"@type":"ListItem","position":2,"name":"Accesibilidad"}]},{"@type":"WebSite","@id":"https:\/\/recrea-t.es\/tienda\/#website","url":"https:\/\/recrea-t.es\/tienda\/","name":"Tienda ReCrea-T","description":"En la tienda de ReCrea-T puedes encontrar la mejor decoraci\u00f3n para el hogar: ba\u00f1o, cocina y todo tipo de decoraciones","potentialAction":[{"@type":"SearchAction","target":{"@type":"EntryPoint","urlTemplate":"https:\/\/recrea-t.es\/tienda\/?s={search_term_string}"},"query-input":{"@type":"PropertyValueSpecification","valueRequired":true,"valueName":"search_term_string"}}],"inLanguage":"es"}]}},"jetpack_sharing_enabled":true,"_links":{"self":[{"href":"https:\/\/recrea-t.es\/tienda\/wp-json\/wp\/v2\/pages\/255","targetHints":{"allow":["GET"]}}],"collection":[{"href":"https:\/\/recrea-t.es\/tienda\/wp-json\/wp\/v2\/pages"}],"about":[{"href":"https:\/\/recrea-t.es\/tienda\/wp-json\/wp\/v2\/types\/page"}],"author":[{"embeddable":true,"href":"https:\/\/recrea-t.es\/tienda\/wp-json\/wp\/v2\/users\/4"}],"replies":[{"embeddable":true,"href":"https:\/\/recrea-t.es\/tienda\/wp-json\/wp\/v2\/comments?post=255"}],"version-history":[{"count":5,"href":"https:\/\/recrea-t.es\/tienda\/wp-json\/wp\/v2\/pages\/255\/revisions"}],"predecessor-version":[{"id":812,"href":"https:\/\/recrea-t.es\/tienda\/wp-json\/wp\/v2\/pages\/255\/revisions\/812"}],"wp:attachment":[{"href":"https:\/\/recrea-t.es\/tienda\/wp-json\/wp\/v2\/media?parent=255"}],"curies":[{"name":"wp","href":"https:\/\/api.w.org\/{rel}","templated":true}]}}