{"id":106,"date":"2025-12-15T13:45:00","date_gmt":"2025-12-15T12:45:00","guid":{"rendered":"https:\/\/recrea-t.es\/tienda\/producto\/grifo-monomando-lavabo-roma\/"},"modified":"2026-03-16T16:31:50","modified_gmt":"2026-03-16T15:31:50","slug":"grifo-monomando-lavabo-roma","status":"publish","type":"product","link":"https:\/\/recrea-t.es\/tienda\/producto\/grifo-monomando-lavabo-roma\/","title":{"rendered":"Grifo monomando lavabo Roma"},"content":{"rendered":"<p>Monomando de lavabo. Fabricado con cuerpo de grifer\u00eda en lat\u00f3n de alta calidad y equipado con un cartucho cer\u00e1mico \u00d8 35 mm. Disponible tambi\u00e9n en empotrado y en otros acabados.<\/p>\n","protected":false},"excerpt":{"rendered":"<p>Monomando de lavabo acabado cromo.<\/p>\n","protected":false},"featured_media":169,"template":"","meta":{"_acf_changed":false},"product_brand":[],"product_cat":[103],"product_tag":[],"class_list":{"0":"post-106","1":"product","2":"type-product","3":"status-publish","4":"has-post-thumbnail","6":"product_cat-griferia-de-lavabo","8":"first","9":"instock","10":"taxable","11":"shipping-taxable","12":"purchasable","13":"product-type-variable","14":"has-default-attributes"},"acf":[],"yoast_head":"<!-- This site is optimized with the Yoast SEO plugin v27.5 - https:\/\/yoast.com\/product\/yoast-seo-wordpress\/ -->\n<title>Grifo monomando lavabo Roma - Tienda ReCrea-T<\/title>\n<meta name=\"robots\" content=\"index, follow, max-snippet:-1, max-image-preview:large, max-video-preview:-1\" \/>\n<link rel=\"canonical\" href=\"https:\/\/recrea-t.es\/tienda\/producto\/grifo-monomando-lavabo-roma\/\" \/>\n<meta property=\"og:locale\" content=\"es_ES\" \/>\n<meta property=\"og:type\" content=\"article\" \/>\n<meta property=\"og:title\" content=\"Grifo monomando lavabo Roma - Tienda ReCrea-T\" \/>\n<meta property=\"og:description\" content=\"Monomando de lavabo acabado cromo.\" \/>\n<meta property=\"og:url\" content=\"https:\/\/recrea-t.es\/tienda\/producto\/grifo-monomando-lavabo-roma\/\" \/>\n<meta property=\"og:site_name\" content=\"Tienda ReCrea-T\" \/>\n<meta property=\"article:modified_time\" content=\"2026-03-16T15:31:50+00:00\" \/>\n<meta property=\"og:image\" content=\"https:\/\/recrea-t.es\/tienda\/wp-content\/uploads\/sites\/6\/2025\/12\/IMEX-ROMA-CROMO-ESTANDAR-AMBIENTE.jpg\" \/>\n\t<meta property=\"og:image:width\" content=\"381\" \/>\n\t<meta property=\"og:image:height\" content=\"492\" \/>\n\t<meta property=\"og:image:type\" content=\"image\/jpeg\" \/>\n<meta name=\"twitter:card\" content=\"summary_large_image\" \/>\n<meta name=\"twitter:label1\" content=\"Tiempo de lectura\" \/>\n\t<meta name=\"twitter:data1\" content=\"1 minuto\" \/>\n<script type=\"application\/ld+json\" class=\"yoast-schema-graph\">{\"@context\":\"https:\\\/\\\/schema.org\",\"@graph\":[{\"@type\":\"WebPage\",\"@id\":\"https:\\\/\\\/recrea-t.es\\\/tienda\\\/producto\\\/grifo-monomando-lavabo-roma\\\/\",\"url\":\"https:\\\/\\\/recrea-t.es\\\/tienda\\\/producto\\\/grifo-monomando-lavabo-roma\\\/\",\"name\":\"Grifo monomando lavabo Roma - Tienda ReCrea-T\",\"isPartOf\":{\"@id\":\"https:\\\/\\\/recrea-t.es\\\/tienda\\\/#website\"},\"primaryImageOfPage\":{\"@id\":\"https:\\\/\\\/recrea-t.es\\\/tienda\\\/producto\\\/grifo-monomando-lavabo-roma\\\/#primaryimage\"},\"image\":{\"@id\":\"https:\\\/\\\/recrea-t.es\\\/tienda\\\/producto\\\/grifo-monomando-lavabo-roma\\\/#primaryimage\"},\"thumbnailUrl\":\"https:\\\/\\\/recrea-t.es\\\/tienda\\\/wp-content\\\/uploads\\\/sites\\\/6\\\/2025\\\/12\\\/IMEX-ROMA-CROMO-ESTANDAR-AMBIENTE.jpg\",\"datePublished\":\"2025-12-15T12:45:00+00:00\",\"dateModified\":\"2026-03-16T15:31:50+00:00\",\"breadcrumb\":{\"@id\":\"https:\\\/\\\/recrea-t.es\\\/tienda\\\/producto\\\/grifo-monomando-lavabo-roma\\\/#breadcrumb\"},\"inLanguage\":\"es\",\"potentialAction\":[{\"@type\":\"ReadAction\",\"target\":[\"https:\\\/\\\/recrea-t.es\\\/tienda\\\/producto\\\/grifo-monomando-lavabo-roma\\\/\"]}]},{\"@type\":\"ImageObject\",\"inLanguage\":\"es\",\"@id\":\"https:\\\/\\\/recrea-t.es\\\/tienda\\\/producto\\\/grifo-monomando-lavabo-roma\\\/#primaryimage\",\"url\":\"https:\\\/\\\/recrea-t.es\\\/tienda\\\/wp-content\\\/uploads\\\/sites\\\/6\\\/2025\\\/12\\\/IMEX-ROMA-CROMO-ESTANDAR-AMBIENTE.jpg\",\"contentUrl\":\"https:\\\/\\\/recrea-t.es\\\/tienda\\\/wp-content\\\/uploads\\\/sites\\\/6\\\/2025\\\/12\\\/IMEX-ROMA-CROMO-ESTANDAR-AMBIENTE.jpg\",\"width\":381,\"height\":492},{\"@type\":\"BreadcrumbList\",\"@id\":\"https:\\\/\\\/recrea-t.es\\\/tienda\\\/producto\\\/grifo-monomando-lavabo-roma\\\/#breadcrumb\",\"itemListElement\":[{\"@type\":\"ListItem\",\"position\":1,\"name\":\"Portada\",\"item\":\"https:\\\/\\\/recrea-t.es\\\/tienda\\\/\"},{\"@type\":\"ListItem\",\"position\":2,\"name\":\"Tienda\",\"item\":\"https:\\\/\\\/recrea-t.es\\\/tienda\\\/\"},{\"@type\":\"ListItem\",\"position\":3,\"name\":\"Grifo monomando lavabo Roma\"}]},{\"@type\":\"WebSite\",\"@id\":\"https:\\\/\\\/recrea-t.es\\\/tienda\\\/#website\",\"url\":\"https:\\\/\\\/recrea-t.es\\\/tienda\\\/\",\"name\":\"Tienda ReCrea-T\",\"description\":\"En la tienda de ReCrea-T puedes encontrar la mejor decoraci\u00f3n para el hogar: ba\u00f1o, cocina y todo tipo de decoraciones\",\"potentialAction\":[{\"@type\":\"SearchAction\",\"target\":{\"@type\":\"EntryPoint\",\"urlTemplate\":\"https:\\\/\\\/recrea-t.es\\\/tienda\\\/?s={search_term_string}\"},\"query-input\":{\"@type\":\"PropertyValueSpecification\",\"valueRequired\":true,\"valueName\":\"search_term_string\"}}],\"inLanguage\":\"es\"}]}<\/script>\n<!-- \/ Yoast SEO plugin. -->","yoast_head_json":{"title":"Grifo monomando lavabo Roma - Tienda ReCrea-T","robots":{"index":"index","follow":"follow","max-snippet":"max-snippet:-1","max-image-preview":"max-image-preview:large","max-video-preview":"max-video-preview:-1"},"canonical":"https:\/\/recrea-t.es\/tienda\/producto\/grifo-monomando-lavabo-roma\/","og_locale":"es_ES","og_type":"article","og_title":"Grifo monomando lavabo Roma - Tienda ReCrea-T","og_description":"Monomando de lavabo acabado cromo.","og_url":"https:\/\/recrea-t.es\/tienda\/producto\/grifo-monomando-lavabo-roma\/","og_site_name":"Tienda ReCrea-T","article_modified_time":"2026-03-16T15:31:50+00:00","og_image":[{"width":381,"height":492,"url":"https:\/\/recrea-t.es\/tienda\/wp-content\/uploads\/sites\/6\/2025\/12\/IMEX-ROMA-CROMO-ESTANDAR-AMBIENTE.jpg","type":"image\/jpeg"}],"twitter_card":"summary_large_image","twitter_misc":{"Tiempo de lectura":"1 minuto"},"schema":{"@context":"https:\/\/schema.org","@graph":[{"@type":"WebPage","@id":"https:\/\/recrea-t.es\/tienda\/producto\/grifo-monomando-lavabo-roma\/","url":"https:\/\/recrea-t.es\/tienda\/producto\/grifo-monomando-lavabo-roma\/","name":"Grifo monomando lavabo Roma - Tienda ReCrea-T","isPartOf":{"@id":"https:\/\/recrea-t.es\/tienda\/#website"},"primaryImageOfPage":{"@id":"https:\/\/recrea-t.es\/tienda\/producto\/grifo-monomando-lavabo-roma\/#primaryimage"},"image":{"@id":"https:\/\/recrea-t.es\/tienda\/producto\/grifo-monomando-lavabo-roma\/#primaryimage"},"thumbnailUrl":"https:\/\/recrea-t.es\/tienda\/wp-content\/uploads\/sites\/6\/2025\/12\/IMEX-ROMA-CROMO-ESTANDAR-AMBIENTE.jpg","datePublished":"2025-12-15T12:45:00+00:00","dateModified":"2026-03-16T15:31:50+00:00","breadcrumb":{"@id":"https:\/\/recrea-t.es\/tienda\/producto\/grifo-monomando-lavabo-roma\/#breadcrumb"},"inLanguage":"es","potentialAction":[{"@type":"ReadAction","target":["https:\/\/recrea-t.es\/tienda\/producto\/grifo-monomando-lavabo-roma\/"]}]},{"@type":"ImageObject","inLanguage":"es","@id":"https:\/\/recrea-t.es\/tienda\/producto\/grifo-monomando-lavabo-roma\/#primaryimage","url":"https:\/\/recrea-t.es\/tienda\/wp-content\/uploads\/sites\/6\/2025\/12\/IMEX-ROMA-CROMO-ESTANDAR-AMBIENTE.jpg","contentUrl":"https:\/\/recrea-t.es\/tienda\/wp-content\/uploads\/sites\/6\/2025\/12\/IMEX-ROMA-CROMO-ESTANDAR-AMBIENTE.jpg","width":381,"height":492},{"@type":"BreadcrumbList","@id":"https:\/\/recrea-t.es\/tienda\/producto\/grifo-monomando-lavabo-roma\/#breadcrumb","itemListElement":[{"@type":"ListItem","position":1,"name":"Portada","item":"https:\/\/recrea-t.es\/tienda\/"},{"@type":"ListItem","position":2,"name":"Tienda","item":"https:\/\/recrea-t.es\/tienda\/"},{"@type":"ListItem","position":3,"name":"Grifo monomando lavabo Roma"}]},{"@type":"WebSite","@id":"https:\/\/recrea-t.es\/tienda\/#website","url":"https:\/\/recrea-t.es\/tienda\/","name":"Tienda ReCrea-T","description":"En la tienda de ReCrea-T puedes encontrar la mejor decoraci\u00f3n para el hogar: ba\u00f1o, cocina y todo tipo de decoraciones","potentialAction":[{"@type":"SearchAction","target":{"@type":"EntryPoint","urlTemplate":"https:\/\/recrea-t.es\/tienda\/?s={search_term_string}"},"query-input":{"@type":"PropertyValueSpecification","valueRequired":true,"valueName":"search_term_string"}}],"inLanguage":"es"}]}},"jetpack_sharing_enabled":true,"_links":{"self":[{"href":"https:\/\/recrea-t.es\/tienda\/wp-json\/wp\/v2\/product\/106","targetHints":{"allow":["GET"]}}],"collection":[{"href":"https:\/\/recrea-t.es\/tienda\/wp-json\/wp\/v2\/product"}],"about":[{"href":"https:\/\/recrea-t.es\/tienda\/wp-json\/wp\/v2\/types\/product"}],"wp:featuredmedia":[{"embeddable":true,"href":"https:\/\/recrea-t.es\/tienda\/wp-json\/wp\/v2\/media\/169"}],"wp:attachment":[{"href":"https:\/\/recrea-t.es\/tienda\/wp-json\/wp\/v2\/media?parent=106"}],"wp:term":[{"taxonomy":"product_brand","embeddable":true,"href":"https:\/\/recrea-t.es\/tienda\/wp-json\/wp\/v2\/product_brand?post=106"},{"taxonomy":"product_cat","embeddable":true,"href":"https:\/\/recrea-t.es\/tienda\/wp-json\/wp\/v2\/product_cat?post=106"},{"taxonomy":"product_tag","embeddable":true,"href":"https:\/\/recrea-t.es\/tienda\/wp-json\/wp\/v2\/product_tag?post=106"}],"curies":[{"name":"wp","href":"https:\/\/api.w.org\/{rel}","templated":true}]}}