{"id":137,"date":"2025-12-15T13:45:30","date_gmt":"2025-12-15T12:45:30","guid":{"rendered":"https:\/\/recrea-t.es\/tienda\/producto\/mueble-de-bano-nicol-encimera-noa\/"},"modified":"2026-03-16T16:32:08","modified_gmt":"2026-03-16T15:32:08","slug":"mueble-de-bano-nicol-encimera-noa","status":"publish","type":"product","link":"https:\/\/recrea-t.es\/tienda\/producto\/mueble-de-bano-nicol-encimera-noa\/","title":{"rendered":"Mueble de ba\u00f1o NICOL + Encimera Noa"},"content":{"rendered":"<p>Mueble 100cm + encimera Noa resin stone. Serie que transmite pureza y naturalidad con sus vetas marcadas en vertical y tablero premium. Tirador dise\u00f1ado en el mismo acabado del mueble con peque\u00f1o agarre oculto met\u00e1lico en la parte inferior, para f\u00e1cil agarre. Frente del caj\u00f3n integrado en el armaz\u00f3n haciendo una silueta enmarcada.<\/p>\n","protected":false},"excerpt":{"rendered":"<p>Mueble 100cm con encimera Resin Stone.<\/p>\n","protected":false},"featured_media":175,"template":"","meta":{"_acf_changed":false},"product_brand":[],"product_cat":[142],"product_tag":[],"class_list":{"0":"post-137","1":"product","2":"type-product","3":"status-publish","4":"has-post-thumbnail","6":"product_cat-muebles-de-bano","8":"first","9":"instock","10":"taxable","11":"shipping-taxable","12":"purchasable","13":"product-type-variable","14":"has-default-attributes"},"acf":[],"yoast_head":"<!-- This site is optimized with the Yoast SEO plugin v27.5 - https:\/\/yoast.com\/product\/yoast-seo-wordpress\/ -->\n<title>Mueble de ba\u00f1o NICOL + Encimera Noa - Tienda ReCrea-T<\/title>\n<meta name=\"robots\" content=\"index, follow, max-snippet:-1, max-image-preview:large, max-video-preview:-1\" \/>\n<link rel=\"canonical\" href=\"https:\/\/recrea-t.es\/tienda\/producto\/mueble-de-bano-nicol-encimera-noa\/\" \/>\n<meta property=\"og:locale\" content=\"es_ES\" \/>\n<meta property=\"og:type\" content=\"article\" \/>\n<meta property=\"og:title\" content=\"Mueble de ba\u00f1o NICOL + Encimera Noa - Tienda ReCrea-T\" \/>\n<meta property=\"og:description\" content=\"Mueble 100cm con encimera Resin Stone.\" \/>\n<meta property=\"og:url\" content=\"https:\/\/recrea-t.es\/tienda\/producto\/mueble-de-bano-nicol-encimera-noa\/\" \/>\n<meta property=\"og:site_name\" content=\"Tienda ReCrea-T\" \/>\n<meta property=\"article:modified_time\" content=\"2026-03-16T15:32:08+00:00\" \/>\n<meta property=\"og:image\" content=\"https:\/\/recrea-t.es\/tienda\/wp-content\/uploads\/sites\/6\/2025\/12\/MODELO-NICOL-DE-DIBANNI.jpg\" \/>\n\t<meta property=\"og:image:width\" content=\"418\" \/>\n\t<meta property=\"og:image:height\" content=\"465\" \/>\n\t<meta property=\"og:image:type\" content=\"image\/jpeg\" \/>\n<meta name=\"twitter:card\" content=\"summary_large_image\" \/>\n<meta name=\"twitter:label1\" content=\"Tiempo de lectura\" \/>\n\t<meta name=\"twitter:data1\" content=\"1 minuto\" \/>\n<script type=\"application\/ld+json\" class=\"yoast-schema-graph\">{\"@context\":\"https:\\\/\\\/schema.org\",\"@graph\":[{\"@type\":\"WebPage\",\"@id\":\"https:\\\/\\\/recrea-t.es\\\/tienda\\\/producto\\\/mueble-de-bano-nicol-encimera-noa\\\/\",\"url\":\"https:\\\/\\\/recrea-t.es\\\/tienda\\\/producto\\\/mueble-de-bano-nicol-encimera-noa\\\/\",\"name\":\"Mueble de ba\u00f1o NICOL + Encimera Noa - Tienda ReCrea-T\",\"isPartOf\":{\"@id\":\"https:\\\/\\\/recrea-t.es\\\/tienda\\\/#website\"},\"primaryImageOfPage\":{\"@id\":\"https:\\\/\\\/recrea-t.es\\\/tienda\\\/producto\\\/mueble-de-bano-nicol-encimera-noa\\\/#primaryimage\"},\"image\":{\"@id\":\"https:\\\/\\\/recrea-t.es\\\/tienda\\\/producto\\\/mueble-de-bano-nicol-encimera-noa\\\/#primaryimage\"},\"thumbnailUrl\":\"https:\\\/\\\/recrea-t.es\\\/tienda\\\/wp-content\\\/uploads\\\/sites\\\/6\\\/2025\\\/12\\\/MODELO-NICOL-DE-DIBANNI.jpg\",\"datePublished\":\"2025-12-15T12:45:30+00:00\",\"dateModified\":\"2026-03-16T15:32:08+00:00\",\"breadcrumb\":{\"@id\":\"https:\\\/\\\/recrea-t.es\\\/tienda\\\/producto\\\/mueble-de-bano-nicol-encimera-noa\\\/#breadcrumb\"},\"inLanguage\":\"es\",\"potentialAction\":[{\"@type\":\"ReadAction\",\"target\":[\"https:\\\/\\\/recrea-t.es\\\/tienda\\\/producto\\\/mueble-de-bano-nicol-encimera-noa\\\/\"]}]},{\"@type\":\"ImageObject\",\"inLanguage\":\"es\",\"@id\":\"https:\\\/\\\/recrea-t.es\\\/tienda\\\/producto\\\/mueble-de-bano-nicol-encimera-noa\\\/#primaryimage\",\"url\":\"https:\\\/\\\/recrea-t.es\\\/tienda\\\/wp-content\\\/uploads\\\/sites\\\/6\\\/2025\\\/12\\\/MODELO-NICOL-DE-DIBANNI.jpg\",\"contentUrl\":\"https:\\\/\\\/recrea-t.es\\\/tienda\\\/wp-content\\\/uploads\\\/sites\\\/6\\\/2025\\\/12\\\/MODELO-NICOL-DE-DIBANNI.jpg\",\"width\":418,\"height\":465},{\"@type\":\"BreadcrumbList\",\"@id\":\"https:\\\/\\\/recrea-t.es\\\/tienda\\\/producto\\\/mueble-de-bano-nicol-encimera-noa\\\/#breadcrumb\",\"itemListElement\":[{\"@type\":\"ListItem\",\"position\":1,\"name\":\"Portada\",\"item\":\"https:\\\/\\\/recrea-t.es\\\/tienda\\\/\"},{\"@type\":\"ListItem\",\"position\":2,\"name\":\"Tienda\",\"item\":\"https:\\\/\\\/recrea-t.es\\\/tienda\\\/\"},{\"@type\":\"ListItem\",\"position\":3,\"name\":\"Mueble de ba\u00f1o NICOL + Encimera Noa\"}]},{\"@type\":\"WebSite\",\"@id\":\"https:\\\/\\\/recrea-t.es\\\/tienda\\\/#website\",\"url\":\"https:\\\/\\\/recrea-t.es\\\/tienda\\\/\",\"name\":\"Tienda ReCrea-T\",\"description\":\"En la tienda de ReCrea-T puedes encontrar la mejor decoraci\u00f3n para el hogar: ba\u00f1o, cocina y todo tipo de decoraciones\",\"potentialAction\":[{\"@type\":\"SearchAction\",\"target\":{\"@type\":\"EntryPoint\",\"urlTemplate\":\"https:\\\/\\\/recrea-t.es\\\/tienda\\\/?s={search_term_string}\"},\"query-input\":{\"@type\":\"PropertyValueSpecification\",\"valueRequired\":true,\"valueName\":\"search_term_string\"}}],\"inLanguage\":\"es\"}]}<\/script>\n<!-- \/ Yoast SEO plugin. -->","yoast_head_json":{"title":"Mueble de ba\u00f1o NICOL + Encimera Noa - Tienda ReCrea-T","robots":{"index":"index","follow":"follow","max-snippet":"max-snippet:-1","max-image-preview":"max-image-preview:large","max-video-preview":"max-video-preview:-1"},"canonical":"https:\/\/recrea-t.es\/tienda\/producto\/mueble-de-bano-nicol-encimera-noa\/","og_locale":"es_ES","og_type":"article","og_title":"Mueble de ba\u00f1o NICOL + Encimera Noa - Tienda ReCrea-T","og_description":"Mueble 100cm con encimera Resin Stone.","og_url":"https:\/\/recrea-t.es\/tienda\/producto\/mueble-de-bano-nicol-encimera-noa\/","og_site_name":"Tienda ReCrea-T","article_modified_time":"2026-03-16T15:32:08+00:00","og_image":[{"width":418,"height":465,"url":"https:\/\/recrea-t.es\/tienda\/wp-content\/uploads\/sites\/6\/2025\/12\/MODELO-NICOL-DE-DIBANNI.jpg","type":"image\/jpeg"}],"twitter_card":"summary_large_image","twitter_misc":{"Tiempo de lectura":"1 minuto"},"schema":{"@context":"https:\/\/schema.org","@graph":[{"@type":"WebPage","@id":"https:\/\/recrea-t.es\/tienda\/producto\/mueble-de-bano-nicol-encimera-noa\/","url":"https:\/\/recrea-t.es\/tienda\/producto\/mueble-de-bano-nicol-encimera-noa\/","name":"Mueble de ba\u00f1o NICOL + Encimera Noa - Tienda ReCrea-T","isPartOf":{"@id":"https:\/\/recrea-t.es\/tienda\/#website"},"primaryImageOfPage":{"@id":"https:\/\/recrea-t.es\/tienda\/producto\/mueble-de-bano-nicol-encimera-noa\/#primaryimage"},"image":{"@id":"https:\/\/recrea-t.es\/tienda\/producto\/mueble-de-bano-nicol-encimera-noa\/#primaryimage"},"thumbnailUrl":"https:\/\/recrea-t.es\/tienda\/wp-content\/uploads\/sites\/6\/2025\/12\/MODELO-NICOL-DE-DIBANNI.jpg","datePublished":"2025-12-15T12:45:30+00:00","dateModified":"2026-03-16T15:32:08+00:00","breadcrumb":{"@id":"https:\/\/recrea-t.es\/tienda\/producto\/mueble-de-bano-nicol-encimera-noa\/#breadcrumb"},"inLanguage":"es","potentialAction":[{"@type":"ReadAction","target":["https:\/\/recrea-t.es\/tienda\/producto\/mueble-de-bano-nicol-encimera-noa\/"]}]},{"@type":"ImageObject","inLanguage":"es","@id":"https:\/\/recrea-t.es\/tienda\/producto\/mueble-de-bano-nicol-encimera-noa\/#primaryimage","url":"https:\/\/recrea-t.es\/tienda\/wp-content\/uploads\/sites\/6\/2025\/12\/MODELO-NICOL-DE-DIBANNI.jpg","contentUrl":"https:\/\/recrea-t.es\/tienda\/wp-content\/uploads\/sites\/6\/2025\/12\/MODELO-NICOL-DE-DIBANNI.jpg","width":418,"height":465},{"@type":"BreadcrumbList","@id":"https:\/\/recrea-t.es\/tienda\/producto\/mueble-de-bano-nicol-encimera-noa\/#breadcrumb","itemListElement":[{"@type":"ListItem","position":1,"name":"Portada","item":"https:\/\/recrea-t.es\/tienda\/"},{"@type":"ListItem","position":2,"name":"Tienda","item":"https:\/\/recrea-t.es\/tienda\/"},{"@type":"ListItem","position":3,"name":"Mueble de ba\u00f1o NICOL + Encimera Noa"}]},{"@type":"WebSite","@id":"https:\/\/recrea-t.es\/tienda\/#website","url":"https:\/\/recrea-t.es\/tienda\/","name":"Tienda ReCrea-T","description":"En la tienda de ReCrea-T puedes encontrar la mejor decoraci\u00f3n para el hogar: ba\u00f1o, cocina y todo tipo de decoraciones","potentialAction":[{"@type":"SearchAction","target":{"@type":"EntryPoint","urlTemplate":"https:\/\/recrea-t.es\/tienda\/?s={search_term_string}"},"query-input":{"@type":"PropertyValueSpecification","valueRequired":true,"valueName":"search_term_string"}}],"inLanguage":"es"}]}},"jetpack_sharing_enabled":true,"_links":{"self":[{"href":"https:\/\/recrea-t.es\/tienda\/wp-json\/wp\/v2\/product\/137","targetHints":{"allow":["GET"]}}],"collection":[{"href":"https:\/\/recrea-t.es\/tienda\/wp-json\/wp\/v2\/product"}],"about":[{"href":"https:\/\/recrea-t.es\/tienda\/wp-json\/wp\/v2\/types\/product"}],"wp:featuredmedia":[{"embeddable":true,"href":"https:\/\/recrea-t.es\/tienda\/wp-json\/wp\/v2\/media\/175"}],"wp:attachment":[{"href":"https:\/\/recrea-t.es\/tienda\/wp-json\/wp\/v2\/media?parent=137"}],"wp:term":[{"taxonomy":"product_brand","embeddable":true,"href":"https:\/\/recrea-t.es\/tienda\/wp-json\/wp\/v2\/product_brand?post=137"},{"taxonomy":"product_cat","embeddable":true,"href":"https:\/\/recrea-t.es\/tienda\/wp-json\/wp\/v2\/product_cat?post=137"},{"taxonomy":"product_tag","embeddable":true,"href":"https:\/\/recrea-t.es\/tienda\/wp-json\/wp\/v2\/product_tag?post=137"}],"curies":[{"name":"wp","href":"https:\/\/api.w.org\/{rel}","templated":true}]}}